{"id":755,"date":"2024-10-10T14:36:11","date_gmt":"2024-10-10T12:36:11","guid":{"rendered":"https:\/\/www.vyrobapeciatok.online\/zasady-pouzivani-souboru-cookie\/"},"modified":"2024-12-19T13:00:16","modified_gmt":"2024-12-19T12:00:16","slug":"zasady-pouzivani-souboru-cookie","status":"publish","type":"page","link":"https:\/\/www.vyrobapeciatok.online\/cs\/zasady-pouzivani-souboru-cookie\/","title":{"rendered":"Z\u00e1sady pou\u017e\u00edv\u00e1n\u00ed soubor\u016f cookie"},"content":{"rendered":"\t\t<div data-elementor-type=\"wp-page\" data-elementor-id=\"755\" class=\"elementor elementor-755 elementor-265\" data-elementor-post-type=\"page\">\n\t\t\t\t<div class=\"elementor-element elementor-element-874af e-flex e-con-boxed e-con e-parent\" data-id=\"874af\" data-element_type=\"container\">\n\t\t\t\t\t<div class=\"e-con-inner\">\n\t\t\t\t<div class=\"elementor-element elementor-element-26485540 elementor-widget elementor-widget-text-editor\" data-id=\"26485540\" data-element_type=\"widget\" data-widget_type=\"text-editor.default\">\n\t\t\t\t<div class=\"elementor-widget-container\">\n\t\t\t\t\t\t\t\t\t<p>Datum \u00fa\u010dinnosti: 10.10.2024<br \/>Posledn\u00ed aktualizace: 10\/10\/2024  <\/p>\n\t\t\t\t\t\t\t\t<\/div>\n\t\t\t\t<\/div>\n\t\t\t\t<div class=\"elementor-element elementor-element-12fdf4b3 elementor-widget elementor-widget-heading\" data-id=\"12fdf4b3\" data-element_type=\"widget\" data-widget_type=\"heading.default\">\n\t\t\t\t<div class=\"elementor-widget-container\">\n\t\t\t\t\t<h2 class=\"elementor-heading-title elementor-size-default\">Co jsou soubory cookie?<\/h2>\t\t\t\t<\/div>\n\t\t\t\t<\/div>\n\t\t\t\t<div class=\"elementor-element elementor-element-5529e6e2 elementor-widget elementor-widget-text-editor\" data-id=\"5529e6e2\" data-element_type=\"widget\" data-widget_type=\"text-editor.default\">\n\t\t\t\t<div class=\"elementor-widget-container\">\n\t\t\t\t\t\t\t\t\t<p>Tyto z\u00e1sady pou\u017e\u00edv\u00e1n\u00ed soubor\u016f cookie vysv\u011btluj\u00ed, co jsou soubory cookie a jak je pou\u017e\u00edv\u00e1me, typy soubor\u016f cookie, kter\u00e9 pou\u017e\u00edv\u00e1me, tj. informace, kter\u00e9 shroma\u017e\u010fujeme pomoc\u00ed soubor\u016f cookie a jak jsou tyto informace pou\u017e\u00edv\u00e1ny, a jak spravovat nastaven\u00ed soubor\u016f cookie.  <\/p>\n<p>Cookies jsou mal\u00e9 textov\u00e9 soubory, kter\u00e9 se pou\u017e\u00edvaj\u00ed k ukl\u00e1d\u00e1n\u00ed mal\u00fdch informac\u00ed. Ukl\u00e1daj\u00ed se do va\u0161eho za\u0159\u00edzen\u00ed p\u0159i na\u010dten\u00ed webov\u00e9 str\u00e1nky do va\u0161eho prohl\u00ed\u017ee\u010de. Tyto soubory cookie n\u00e1m pom\u00e1haj\u00ed spr\u00e1vn\u011b fungovat, zvy\u0161ovat bezpe\u010dnost, poskytovat lep\u0161\u00ed u\u017eivatelsk\u00fd z\u00e1\u017eitek a porozum\u011bt tomu, jak webov\u00e9 str\u00e1nky funguj\u00ed, a analyzovat, co funguje a kde je t\u0159eba zlep\u0161it.  <\/p>\n\t\t\t\t\t\t\t\t<\/div>\n\t\t\t\t<\/div>\n\t\t\t\t<div class=\"elementor-element elementor-element-21ff2a2c elementor-widget elementor-widget-heading\" data-id=\"21ff2a2c\" data-element_type=\"widget\" data-widget_type=\"heading.default\">\n\t\t\t\t<div class=\"elementor-widget-container\">\n\t\t\t\t\t<h2 class=\"elementor-heading-title elementor-size-default\">Jak pou\u017e\u00edv\u00e1me soubory cookie?<\/h2>\t\t\t\t<\/div>\n\t\t\t\t<\/div>\n\t\t\t\t<div class=\"elementor-element elementor-element-517a3ecb elementor-widget elementor-widget-text-editor\" data-id=\"517a3ecb\" data-element_type=\"widget\" data-widget_type=\"text-editor.default\">\n\t\t\t\t<div class=\"elementor-widget-container\">\n\t\t\t\t\t\t\t\t\t<p>Stejn\u011b jako v\u011bt\u0161ina online slu\u017eeb pou\u017e\u00edv\u00e1 i na\u0161e webov\u00e1 str\u00e1nka soubory cookie prvn\u00ed a t\u0159et\u00ed strany pro n\u011bkolik \u00fa\u010del\u016f. Soubory cookie prvn\u00ed strany jsou obvykle nezbytn\u00e9 pro spr\u00e1vn\u00e9 fungov\u00e1n\u00ed webov\u00fdch str\u00e1nek a neshroma\u017e\u010fuj\u00ed \u017e\u00e1dn\u00e9 va\u0161e osobn\u00ed \u00fadaje. <\/p>\n<p>Soubory cookie t\u0159et\u00edch stran pou\u017e\u00edvan\u00e9 na na\u0161ich webov\u00fdch str\u00e1nk\u00e1ch se pou\u017e\u00edvaj\u00ed zejm\u00e9na k pochopen\u00ed toho, jak webov\u00e9 str\u00e1nky funguj\u00ed, jak s nimi interagujete, k poskytov\u00e1n\u00ed na\u0161ich slu\u017eeb, k poskytov\u00e1n\u00ed reklam, kter\u00e9 jsou pro v\u00e1s relevantn\u00ed, a celkov\u011b k tomu, abychom v\u00e1m poskytli lep\u0161\u00ed a lep\u0161\u00ed z\u00e1\u017eitek. zku\u0161enosti a pom\u016f\u017ee urychlit va\u0161e budouc\u00ed interakce s na\u0161imi webov\u00fdmi str\u00e1nkami. <\/p>\n\t\t\t\t\t\t\t\t<\/div>\n\t\t\t\t<\/div>\n\t\t\t\t<div class=\"elementor-element elementor-element-5a1511d9 elementor-widget elementor-widget-heading\" data-id=\"5a1511d9\" data-element_type=\"widget\" data-widget_type=\"heading.default\">\n\t\t\t\t<div class=\"elementor-widget-container\">\n\t\t\t\t\t<h2 class=\"elementor-heading-title elementor-size-default\">Typy soubor\u016f cookie, kter\u00e9 pou\u017e\u00edv\u00e1me<\/h2>\t\t\t\t<\/div>\n\t\t\t\t<\/div>\n\t\t\t\t<div class=\"elementor-element elementor-element-68dafada elementor-widget elementor-widget-html\" data-id=\"68dafada\" data-element_type=\"widget\" data-widget_type=\"html.default\">\n\t\t\t\t<div class=\"elementor-widget-container\">\n\t\t\t\t\t    <div class=\"cky-audit-table-element\"><\/div>\n\n\n\t\t\t\t<\/div>\n\t\t\t\t<\/div>\n\t\t\t\t<div class=\"elementor-element elementor-element-645f35ef elementor-widget elementor-widget-heading\" data-id=\"645f35ef\" data-element_type=\"widget\" data-widget_type=\"heading.default\">\n\t\t\t\t<div class=\"elementor-widget-container\">\n\t\t\t\t\t<h2 class=\"elementor-heading-title elementor-size-default\">Spravovat p\u0159edvolby soubor\u016f cookie<\/h2>\t\t\t\t<\/div>\n\t\t\t\t<\/div>\n\t\t\t\t<div class=\"elementor-element elementor-element-626447aa cky-banner-element elementor-widget elementor-widget-button\" data-id=\"626447aa\" data-element_type=\"widget\" data-widget_type=\"button.default\">\n\t\t\t\t<div class=\"elementor-widget-container\">\n\t\t\t\t\t\t\t\t\t<div class=\"elementor-button-wrapper\">\n\t\t\t\t\t<a class=\"elementor-button elementor-size-sm\" role=\"button\">\n\t\t\t\t\t\t<span class=\"elementor-button-content-wrapper\">\n\t\t\t\t\t\t\t\t\t<span class=\"elementor-button-text\">Nastaven\u00ed soubor\u016f cookie<\/span>\n\t\t\t\t\t<\/span>\n\t\t\t\t\t<\/a>\n\t\t\t\t<\/div>\n\t\t\t\t\t\t\t\t<\/div>\n\t\t\t\t<\/div>\n\t\t\t\t<div class=\"elementor-element elementor-element-3196850b elementor-widget elementor-widget-text-editor\" data-id=\"3196850b\" data-element_type=\"widget\" data-widget_type=\"text-editor.default\">\n\t\t\t\t<div class=\"elementor-widget-container\">\n\t\t\t\t\t\t\t\t\t<p>P\u0159edvolby soubor\u016f cookie m\u016f\u017eete kdykoli zm\u011bnit kliknut\u00edm na tla\u010d\u00edtko v\u00fd\u0161e. To v\u00e1m umo\u017en\u00ed znovu nav\u0161t\u00edvit banner se souhlasem se soubory cookie a zm\u011bnit sv\u00e9 preference nebo okam\u017eit\u011b odvolat sv\u016fj souhlas. <\/p>\n<p>Krom\u011b toho r\u016fzn\u00e9 prohl\u00ed\u017ee\u010de poskytuj\u00ed r\u016fzn\u00e9 zp\u016fsoby blokov\u00e1n\u00ed a maz\u00e1n\u00ed soubor\u016f cookie pou\u017e\u00edvan\u00fdch webov\u00fdmi str\u00e1nkami. Nastaven\u00ed prohl\u00ed\u017ee\u010de m\u016f\u017eete zm\u011bnit tak, aby blokoval\/mazal soubory cookie. N\u00ed\u017ee jsou uvedeny odkazy na podp\u016frn\u00e9 dokumenty o tom, jak spravovat a mazat soubory cookie z hlavn\u00edch webov\u00fdch prohl\u00ed\u017ee\u010d\u016f.  <\/p>\n<p>Pokud pou\u017e\u00edv\u00e1te jin\u00fd webov\u00fd prohl\u00ed\u017ee\u010d, nav\u0161tivte ofici\u00e1ln\u00ed dokumenty podpory va\u0161eho prohl\u00ed\u017ee\u010de.<\/p>\n<p>Chrom: <a href=\"https:\/\/support.google.com\/accounts\/answer\/32050\" target=\"_blank\" rel=\"noopener\">https:\/\/support.google.com\/accounts\/answer\/32050<\/a><\/p>\n<p>Safari: <a href=\"https:\/\/support.apple.com\/en-in\/guide\/safari\/sfri11471\/mac\" target=\"_blank\" rel=\"noopener\">https:\/\/support.apple.com\/en-in\/guide\/safari\/sfri11471\/mac<\/a><\/p>\n<p>Firefox: <a href=\"https:\/\/support.mozilla.org\/en-US\/kb\/clear-cookies-and-site-data-firefox?redirectslug=delete-cookies-remove-info-websites-stored&amp;redirectlocale=en-US\" target=\"_blank\" rel=\"noopener\">https:\/\/support.mozilla.org\/en-US\/kb\/clear-cookies-and-site-data-firefox?redirectslug=delete-cookies-remove-info-websites-stored&amp;redirectlocale=en-US<\/a><\/p>\n<p>Internet Explorer: <a href=\"https:\/\/support.microsoft.com\/en-us\/topic\/how-to-delete-cookie-files-in-internet-explorer-bca9446f-d873-78de-77ba-d42645fa52fc\" target=\"_blank\" rel=\"noopener\">https:\/\/support.microsoft.com\/en-us\/topic\/how-to-delete-cookie-files-in-internet-explorer-bca9446f-d873-78de-77ba-d42645fa52fc<\/a><\/p>\n<p>Z\u00e1sady pou\u017e\u00edv\u00e1n\u00ed soubor\u016f cookie generovan\u00e9 CookieYes &#8211; gener\u00e1tor z\u00e1sad pou\u017e\u00edv\u00e1n\u00ed soubor\u016f cookie.<\/p>\n\t\t\t\t\t\t\t\t<\/div>\n\t\t\t\t<\/div>\n\t\t\t\t\t<\/div>\n\t\t\t\t<\/div>\n\t\t\t\t<\/div>\n\t\t","protected":false},"excerpt":{"rendered":"<p>Datum \u00fa\u010dinnosti: 10.10.2024Posledn\u00ed aktualizace: 10\/10\/2024 Co jsou soubory cookie? Tyto z\u00e1sady pou\u017e\u00edv\u00e1n\u00ed soubor\u016f cookie vysv\u011btluj\u00ed, co jsou soubory cookie a [&hellip;]<\/p>\n","protected":false},"author":1,"featured_media":0,"parent":0,"menu_order":0,"comment_status":"closed","ping_status":"closed","template":"","meta":{"_acf_changed":false,"site-sidebar-layout":"no-sidebar","site-content-layout":"","ast-site-content-layout":"full-width-container","site-content-style":"default","site-sidebar-style":"default","ast-global-header-display":"","ast-banner-title-visibility":"","ast-main-header-display":"","ast-hfb-above-header-display":"","ast-hfb-below-header-display":"","ast-hfb-mobile-header-display":"","site-post-title":"disabled","ast-breadcrumbs-content":"","ast-featured-img":"disabled","footer-sml-layout":"","theme-transparent-header-meta":"","adv-header-id-meta":"","stick-header-meta":"","header-above-stick-meta":"","header-main-stick-meta":"","header-below-stick-meta":"","astra-migrate-meta-layouts":"default","ast-page-background-enabled":"default","ast-page-background-meta":{"desktop":{"background-color":"var(--ast-global-color-4)","background-image":"","background-repeat":"repeat","background-position":"center center","background-size":"auto","background-attachment":"scroll","background-type":"","background-media":"","overlay-type":"","overlay-color":"","overlay-opacity":"","overlay-gradient":""},"tablet":{"background-color":"","background-image":"","background-repeat":"repeat","background-position":"center center","background-size":"auto","background-attachment":"scroll","background-type":"","background-media":"","overlay-type":"","overlay-color":"","overlay-opacity":"","overlay-gradient":""},"mobile":{"background-color":"","background-image":"","background-repeat":"repeat","background-position":"center center","background-size":"auto","background-attachment":"scroll","background-type":"","background-media":"","overlay-type":"","overlay-color":"","overlay-opacity":"","overlay-gradient":""}},"ast-content-background-meta":{"desktop":{"background-color":"var(--ast-global-color-5)","background-image":"","background-repeat":"repeat","background-position":"center center","background-size":"auto","background-attachment":"scroll","background-type":"","background-media":"","overlay-type":"","overlay-color":"","overlay-opacity":"","overlay-gradient":""},"tablet":{"background-color":"var(--ast-global-color-5)","background-image":"","background-repeat":"repeat","background-position":"center center","background-size":"auto","background-attachment":"scroll","background-type":"","background-media":"","overlay-type":"","overlay-color":"","overlay-opacity":"","overlay-gradient":""},"mobile":{"background-color":"var(--ast-global-color-5)","background-image":"","background-repeat":"repeat","background-position":"center center","background-size":"auto","background-attachment":"scroll","background-type":"","background-media":"","overlay-type":"","overlay-color":"","overlay-opacity":"","overlay-gradient":""}},"footnotes":""},"class_list":["post-755","page","type-page","status-publish","hentry"],"acf":[],"yoast_head":"<!-- This site is optimized with the Yoast SEO plugin v25.4 - https:\/\/yoast.com\/wordpress\/plugins\/seo\/ -->\n<title>Z\u00e1sady pou\u017e\u00edv\u00e1n\u00ed soubor\u016f cookie | V\u00fdroba Pe\u010diatok Online<\/title>\n<meta name=\"robots\" content=\"index, follow, max-snippet:-1, max-image-preview:large, max-video-preview:-1\" \/>\n<link rel=\"canonical\" href=\"https:\/\/www.vyrobapeciatok.online\/cs\/zasady-pouzivani-souboru-cookie\/\" \/>\n<meta property=\"og:locale\" content=\"cs_CZ\" \/>\n<meta property=\"og:type\" content=\"article\" \/>\n<meta property=\"og:title\" content=\"Z\u00e1sady pou\u017e\u00edv\u00e1n\u00ed soubor\u016f cookie | V\u00fdroba Pe\u010diatok Online\" \/>\n<meta property=\"og:description\" content=\"Datum \u00fa\u010dinnosti: 10.10.2024Posledn\u00ed aktualizace: 10\/10\/2024 Co jsou soubory cookie? Tyto z\u00e1sady pou\u017e\u00edv\u00e1n\u00ed soubor\u016f cookie vysv\u011btluj\u00ed, co jsou soubory cookie a [&hellip;]\" \/>\n<meta property=\"og:url\" content=\"https:\/\/www.vyrobapeciatok.online\/cs\/zasady-pouzivani-souboru-cookie\/\" \/>\n<meta property=\"og:site_name\" content=\"V\u00fdroba Pe\u010diatok Online\" \/>\n<meta property=\"article:modified_time\" content=\"2024-12-19T12:00:16+00:00\" \/>\n<meta property=\"og:image\" content=\"https:\/\/www.vyrobapeciatok.online\/wp-content\/uploads\/2024\/10\/vyroba-peciatok-og.png\" \/>\n\t<meta property=\"og:image:width\" content=\"1200\" \/>\n\t<meta property=\"og:image:height\" content=\"630\" \/>\n\t<meta property=\"og:image:type\" content=\"image\/png\" \/>\n<meta name=\"twitter:card\" content=\"summary_large_image\" \/>\n<meta name=\"twitter:label1\" content=\"Odhadovan\u00e1 doba \u010dten\u00ed\" \/>\n\t<meta name=\"twitter:data1\" content=\"2 minuty\" \/>\n<script type=\"application\/ld+json\" class=\"yoast-schema-graph\">{\"@context\":\"https:\/\/schema.org\",\"@graph\":[{\"@type\":\"WebPage\",\"@id\":\"https:\/\/www.vyrobapeciatok.online\/cs\/zasady-pouzivani-souboru-cookie\/\",\"url\":\"https:\/\/www.vyrobapeciatok.online\/cs\/zasady-pouzivani-souboru-cookie\/\",\"name\":\"Z\u00e1sady pou\u017e\u00edv\u00e1n\u00ed soubor\u016f cookie | V\u00fdroba Pe\u010diatok Online\",\"isPartOf\":{\"@id\":\"https:\/\/www.vyrobapeciatok.online\/cs\/#website\"},\"datePublished\":\"2024-10-10T12:36:11+00:00\",\"dateModified\":\"2024-12-19T12:00:16+00:00\",\"breadcrumb\":{\"@id\":\"https:\/\/www.vyrobapeciatok.online\/cs\/zasady-pouzivani-souboru-cookie\/#breadcrumb\"},\"inLanguage\":\"cs\",\"potentialAction\":[{\"@type\":\"ReadAction\",\"target\":[\"https:\/\/www.vyrobapeciatok.online\/cs\/zasady-pouzivani-souboru-cookie\/\"]}]},{\"@type\":\"BreadcrumbList\",\"@id\":\"https:\/\/www.vyrobapeciatok.online\/cs\/zasady-pouzivani-souboru-cookie\/#breadcrumb\",\"itemListElement\":[{\"@type\":\"ListItem\",\"position\":1,\"name\":\"Home\",\"item\":\"https:\/\/www.vyrobapeciatok.online\/cs\/home\/\"},{\"@type\":\"ListItem\",\"position\":2,\"name\":\"Z\u00e1sady pou\u017e\u00edv\u00e1n\u00ed soubor\u016f cookie\"}]},{\"@type\":\"WebSite\",\"@id\":\"https:\/\/www.vyrobapeciatok.online\/cs\/#website\",\"url\":\"https:\/\/www.vyrobapeciatok.online\/cs\/\",\"name\":\"V\u00fdroba Pe\u010diatok Online\",\"description\":\"\",\"publisher\":{\"@id\":\"https:\/\/www.vyrobapeciatok.online\/cs\/#organization\"},\"potentialAction\":[{\"@type\":\"SearchAction\",\"target\":{\"@type\":\"EntryPoint\",\"urlTemplate\":\"https:\/\/www.vyrobapeciatok.online\/cs\/?s={search_term_string}\"},\"query-input\":{\"@type\":\"PropertyValueSpecification\",\"valueRequired\":true,\"valueName\":\"search_term_string\"}}],\"inLanguage\":\"cs\"},{\"@type\":\"Organization\",\"@id\":\"https:\/\/www.vyrobapeciatok.online\/cs\/#organization\",\"name\":\"V\u00fdroba Pe\u010diatok Online\",\"url\":\"https:\/\/www.vyrobapeciatok.online\/cs\/\",\"logo\":{\"@type\":\"ImageObject\",\"inLanguage\":\"cs\",\"@id\":\"https:\/\/www.vyrobapeciatok.online\/cs\/#\/schema\/logo\/image\/\",\"url\":\"https:\/\/www.vyrobapeciatok.online\/wp-content\/uploads\/2024\/10\/vyroba-peciatok-online-logo.png\",\"contentUrl\":\"https:\/\/www.vyrobapeciatok.online\/wp-content\/uploads\/2024\/10\/vyroba-peciatok-online-logo.png\",\"width\":931,\"height\":130,\"caption\":\"V\u00fdroba Pe\u010diatok Online\"},\"image\":{\"@id\":\"https:\/\/www.vyrobapeciatok.online\/cs\/#\/schema\/logo\/image\/\"}}]}<\/script>\n<!-- \/ Yoast SEO plugin. -->","yoast_head_json":{"title":"Z\u00e1sady pou\u017e\u00edv\u00e1n\u00ed soubor\u016f cookie | V\u00fdroba Pe\u010diatok Online","robots":{"index":"index","follow":"follow","max-snippet":"max-snippet:-1","max-image-preview":"max-image-preview:large","max-video-preview":"max-video-preview:-1"},"canonical":"https:\/\/www.vyrobapeciatok.online\/cs\/zasady-pouzivani-souboru-cookie\/","og_locale":"cs_CZ","og_type":"article","og_title":"Z\u00e1sady pou\u017e\u00edv\u00e1n\u00ed soubor\u016f cookie | V\u00fdroba Pe\u010diatok Online","og_description":"Datum \u00fa\u010dinnosti: 10.10.2024Posledn\u00ed aktualizace: 10\/10\/2024 Co jsou soubory cookie? Tyto z\u00e1sady pou\u017e\u00edv\u00e1n\u00ed soubor\u016f cookie vysv\u011btluj\u00ed, co jsou soubory cookie a [&hellip;]","og_url":"https:\/\/www.vyrobapeciatok.online\/cs\/zasady-pouzivani-souboru-cookie\/","og_site_name":"V\u00fdroba Pe\u010diatok Online","article_modified_time":"2024-12-19T12:00:16+00:00","og_image":[{"width":1200,"height":630,"url":"https:\/\/www.vyrobapeciatok.online\/wp-content\/uploads\/2024\/10\/vyroba-peciatok-og.png","type":"image\/png"}],"twitter_card":"summary_large_image","twitter_misc":{"Odhadovan\u00e1 doba \u010dten\u00ed":"2 minuty"},"schema":{"@context":"https:\/\/schema.org","@graph":[{"@type":"WebPage","@id":"https:\/\/www.vyrobapeciatok.online\/cs\/zasady-pouzivani-souboru-cookie\/","url":"https:\/\/www.vyrobapeciatok.online\/cs\/zasady-pouzivani-souboru-cookie\/","name":"Z\u00e1sady pou\u017e\u00edv\u00e1n\u00ed soubor\u016f cookie | V\u00fdroba Pe\u010diatok Online","isPartOf":{"@id":"https:\/\/www.vyrobapeciatok.online\/cs\/#website"},"datePublished":"2024-10-10T12:36:11+00:00","dateModified":"2024-12-19T12:00:16+00:00","breadcrumb":{"@id":"https:\/\/www.vyrobapeciatok.online\/cs\/zasady-pouzivani-souboru-cookie\/#breadcrumb"},"inLanguage":"cs","potentialAction":[{"@type":"ReadAction","target":["https:\/\/www.vyrobapeciatok.online\/cs\/zasady-pouzivani-souboru-cookie\/"]}]},{"@type":"BreadcrumbList","@id":"https:\/\/www.vyrobapeciatok.online\/cs\/zasady-pouzivani-souboru-cookie\/#breadcrumb","itemListElement":[{"@type":"ListItem","position":1,"name":"Home","item":"https:\/\/www.vyrobapeciatok.online\/cs\/home\/"},{"@type":"ListItem","position":2,"name":"Z\u00e1sady pou\u017e\u00edv\u00e1n\u00ed soubor\u016f cookie"}]},{"@type":"WebSite","@id":"https:\/\/www.vyrobapeciatok.online\/cs\/#website","url":"https:\/\/www.vyrobapeciatok.online\/cs\/","name":"V\u00fdroba Pe\u010diatok Online","description":"","publisher":{"@id":"https:\/\/www.vyrobapeciatok.online\/cs\/#organization"},"potentialAction":[{"@type":"SearchAction","target":{"@type":"EntryPoint","urlTemplate":"https:\/\/www.vyrobapeciatok.online\/cs\/?s={search_term_string}"},"query-input":{"@type":"PropertyValueSpecification","valueRequired":true,"valueName":"search_term_string"}}],"inLanguage":"cs"},{"@type":"Organization","@id":"https:\/\/www.vyrobapeciatok.online\/cs\/#organization","name":"V\u00fdroba Pe\u010diatok Online","url":"https:\/\/www.vyrobapeciatok.online\/cs\/","logo":{"@type":"ImageObject","inLanguage":"cs","@id":"https:\/\/www.vyrobapeciatok.online\/cs\/#\/schema\/logo\/image\/","url":"https:\/\/www.vyrobapeciatok.online\/wp-content\/uploads\/2024\/10\/vyroba-peciatok-online-logo.png","contentUrl":"https:\/\/www.vyrobapeciatok.online\/wp-content\/uploads\/2024\/10\/vyroba-peciatok-online-logo.png","width":931,"height":130,"caption":"V\u00fdroba Pe\u010diatok Online"},"image":{"@id":"https:\/\/www.vyrobapeciatok.online\/cs\/#\/schema\/logo\/image\/"}}]}},"jetpack_sharing_enabled":true,"_links":{"self":[{"href":"https:\/\/www.vyrobapeciatok.online\/cs\/wp-json\/wp\/v2\/pages\/755","targetHints":{"allow":["GET"]}}],"collection":[{"href":"https:\/\/www.vyrobapeciatok.online\/cs\/wp-json\/wp\/v2\/pages"}],"about":[{"href":"https:\/\/www.vyrobapeciatok.online\/cs\/wp-json\/wp\/v2\/types\/page"}],"author":[{"embeddable":true,"href":"https:\/\/www.vyrobapeciatok.online\/cs\/wp-json\/wp\/v2\/users\/1"}],"replies":[{"embeddable":true,"href":"https:\/\/www.vyrobapeciatok.online\/cs\/wp-json\/wp\/v2\/comments?post=755"}],"version-history":[{"count":1,"href":"https:\/\/www.vyrobapeciatok.online\/cs\/wp-json\/wp\/v2\/pages\/755\/revisions"}],"predecessor-version":[{"id":756,"href":"https:\/\/www.vyrobapeciatok.online\/cs\/wp-json\/wp\/v2\/pages\/755\/revisions\/756"}],"wp:attachment":[{"href":"https:\/\/www.vyrobapeciatok.online\/cs\/wp-json\/wp\/v2\/media?parent=755"}],"curies":[{"name":"wp","href":"https:\/\/api.w.org\/{rel}","templated":true}]}}