{"id":1056,"date":"2025-01-14T17:22:12","date_gmt":"2025-01-14T16:22:12","guid":{"rendered":"https:\/\/www.vyrobapeciatok.online\/?post_type=product&#038;p=1056"},"modified":"2025-06-26T10:29:01","modified_gmt":"2025-06-26T08:29:01","slug":"ovalne-razitko-colop-printer-oval-44-44x28-mm","status":"publish","type":"product","link":"https:\/\/www.vyrobapeciatok.online\/cs\/p\/ovalne-razitko-colop-printer-oval-44-44x28-mm\/","title":{"rendered":"Ov\u00e1ln\u00e9 raz\u00edtko Colop Printer Oval 44 (44&#215;28 mm)"},"content":{"rendered":"","protected":false},"excerpt":{"rendered":"<p>Samonam\u00e1\u010dec\u00ed textov\u00e9 raz\u00edtko 44&#215;28 mm.<br \/>\n<strong>Vzor raz\u00edtka:<\/strong><\/p>\n<p><img decoding=\"async\" class=\"alignnone wp-image-33082 size-full\" title=\"otisk printer oval 44\" src=\"https:\/\/www.vyrobapeciatok.online\/wp-content\/uploads\/2025\/06\/odtlacok-printer-oval-44.png\" alt=\"otisk printer oval 44\" width=\"178\" height=\"112\"><\/p>\n","protected":false},"featured_media":990,"comment_status":"open","ping_status":"closed","template":"","meta":{"_acf_changed":false,"site-sidebar-layout":"default","site-content-layout":"","ast-site-content-layout":"default","site-content-style":"default","site-sidebar-style":"default","ast-global-header-display":"","ast-banner-title-visibility":"","ast-main-header-display":"","ast-hfb-above-header-display":"","ast-hfb-below-header-display":"","ast-hfb-mobile-header-display":"","site-post-title":"","ast-breadcrumbs-content":"","ast-featured-img":"","footer-sml-layout":"","theme-transparent-header-meta":"default","adv-header-id-meta":"","stick-header-meta":"","header-above-stick-meta":"","header-main-stick-meta":"","header-below-stick-meta":"","astra-migrate-meta-layouts":"default","ast-page-background-enabled":"default","ast-page-background-meta":{"desktop":{"background-color":"var(--ast-global-color-4)","background-image":"","background-repeat":"repeat","background-position":"center center","background-size":"auto","background-attachment":"scroll","background-type":"","background-media":"","overlay-type":"","overlay-color":"","overlay-opacity":"","overlay-gradient":""},"tablet":{"background-color":"","background-image":"","background-repeat":"repeat","background-position":"center center","background-size":"auto","background-attachment":"scroll","background-type":"","background-media":"","overlay-type":"","overlay-color":"","overlay-opacity":"","overlay-gradient":""},"mobile":{"background-color":"","background-image":"","background-repeat":"repeat","background-position":"center center","background-size":"auto","background-attachment":"scroll","background-type":"","background-media":"","overlay-type":"","overlay-color":"","overlay-opacity":"","overlay-gradient":""}},"ast-content-background-meta":{"desktop":{"background-color":"var(--ast-global-color-5)","background-image":"","background-repeat":"repeat","background-position":"center center","background-size":"auto","background-attachment":"scroll","background-type":"","background-media":"","overlay-type":"","overlay-color":"","overlay-opacity":"","overlay-gradient":""},"tablet":{"background-color":"var(--ast-global-color-5)","background-image":"","background-repeat":"repeat","background-position":"center center","background-size":"auto","background-attachment":"scroll","background-type":"","background-media":"","overlay-type":"","overlay-color":"","overlay-opacity":"","overlay-gradient":""},"mobile":{"background-color":"var(--ast-global-color-5)","background-image":"","background-repeat":"repeat","background-position":"center center","background-size":"auto","background-attachment":"scroll","background-type":"","background-media":"","overlay-type":"","overlay-color":"","overlay-opacity":"","overlay-gradient":""}}},"product_brand":[],"product_cat":[75,128],"product_tag":[145],"class_list":{"0":"post-1056","1":"product","2":"type-product","3":"status-publish","4":"has-post-thumbnail","6":"product_cat-razitka","7":"product_cat-ovalna-razitka","8":"product_tag-colop-cs","9":"desktop-align-left","10":"tablet-align-left","11":"mobile-align-left","13":"first","14":"instock","15":"taxable","16":"shipping-taxable","17":"purchasable","18":"product-type-variable","19":"has-default-attributes"},"acf":[],"yoast_head":"<!-- This site is optimized with the Yoast SEO plugin v25.4 - https:\/\/yoast.com\/wordpress\/plugins\/seo\/ -->\n<title>Ov\u00e1ln\u00e9 raz\u00edtko Colop Printer Oval 44 (44x28 mm) | V\u00fdroba Pe\u010diatok Online<\/title>\n<meta name=\"description\" content=\"Ov\u00e1ln\u00e9 raz\u00edtko Colop Printer Oval 44 (44x28 mm). Nahrajte vlastn\u00ed logo, firemn\u00ed \u00fadaje a my v\u00e1m expresn\u011b raz\u00edtko vyrob\u00edme.\" \/>\n<meta name=\"robots\" content=\"index, follow, max-snippet:-1, max-image-preview:large, max-video-preview:-1\" \/>\n<link rel=\"canonical\" href=\"https:\/\/www.vyrobapeciatok.online\/cs\/p\/ovalne-razitko-colop-printer-oval-44-44x28-mm\/\" \/>\n<meta property=\"og:locale\" content=\"cs_CZ\" \/>\n<meta property=\"og:type\" content=\"article\" \/>\n<meta property=\"og:title\" content=\"Ov\u00e1ln\u00e9 raz\u00edtko Colop Printer Oval 44 (44x28 mm) | V\u00fdroba Pe\u010diatok Online\" \/>\n<meta property=\"og:description\" content=\"Ov\u00e1ln\u00e9 raz\u00edtko Colop Printer Oval 44 (44x28 mm). Nahrajte vlastn\u00ed logo, firemn\u00ed \u00fadaje a my v\u00e1m expresn\u011b raz\u00edtko vyrob\u00edme.\" \/>\n<meta property=\"og:url\" content=\"https:\/\/www.vyrobapeciatok.online\/cs\/p\/ovalne-razitko-colop-printer-oval-44-44x28-mm\/\" \/>\n<meta property=\"og:site_name\" content=\"V\u00fdroba Pe\u010diatok Online\" \/>\n<meta property=\"article:modified_time\" content=\"2025-06-26T08:29:01+00:00\" \/>\n<meta property=\"og:image\" content=\"https:\/\/www.vyrobapeciatok.online\/wp-content\/uploads\/2025\/01\/COLOP-Printer-Oval-44.jpg\" \/>\n\t<meta property=\"og:image:width\" content=\"1000\" \/>\n\t<meta property=\"og:image:height\" content=\"1000\" \/>\n\t<meta property=\"og:image:type\" content=\"image\/jpeg\" \/>\n<meta name=\"twitter:card\" content=\"summary_large_image\" \/>\n<script type=\"application\/ld+json\" class=\"yoast-schema-graph\">{\"@context\":\"https:\/\/schema.org\",\"@graph\":[{\"@type\":\"WebPage\",\"@id\":\"https:\/\/www.vyrobapeciatok.online\/cs\/p\/ovalne-razitko-colop-printer-oval-44-44x28-mm\/\",\"url\":\"https:\/\/www.vyrobapeciatok.online\/cs\/p\/ovalne-razitko-colop-printer-oval-44-44x28-mm\/\",\"name\":\"Ov\u00e1ln\u00e9 raz\u00edtko Colop Printer Oval 44 (44x28 mm) | V\u00fdroba Pe\u010diatok Online\",\"isPartOf\":{\"@id\":\"https:\/\/www.vyrobapeciatok.online\/cs\/#website\"},\"primaryImageOfPage\":{\"@id\":\"https:\/\/www.vyrobapeciatok.online\/cs\/p\/ovalne-razitko-colop-printer-oval-44-44x28-mm\/#primaryimage\"},\"image\":{\"@id\":\"https:\/\/www.vyrobapeciatok.online\/cs\/p\/ovalne-razitko-colop-printer-oval-44-44x28-mm\/#primaryimage\"},\"thumbnailUrl\":\"https:\/\/www.vyrobapeciatok.online\/wp-content\/uploads\/2025\/01\/COLOP-Printer-Oval-44.jpg\",\"datePublished\":\"2025-01-14T16:22:12+00:00\",\"dateModified\":\"2025-06-26T08:29:01+00:00\",\"description\":\"Ov\u00e1ln\u00e9 raz\u00edtko Colop Printer Oval 44 (44x28 mm). Nahrajte vlastn\u00ed logo, firemn\u00ed \u00fadaje a my v\u00e1m expresn\u011b raz\u00edtko vyrob\u00edme.\",\"breadcrumb\":{\"@id\":\"https:\/\/www.vyrobapeciatok.online\/cs\/p\/ovalne-razitko-colop-printer-oval-44-44x28-mm\/#breadcrumb\"},\"inLanguage\":\"cs\",\"potentialAction\":[{\"@type\":\"ReadAction\",\"target\":[\"https:\/\/www.vyrobapeciatok.online\/cs\/p\/ovalne-razitko-colop-printer-oval-44-44x28-mm\/\"]}]},{\"@type\":\"ImageObject\",\"inLanguage\":\"cs\",\"@id\":\"https:\/\/www.vyrobapeciatok.online\/cs\/p\/ovalne-razitko-colop-printer-oval-44-44x28-mm\/#primaryimage\",\"url\":\"https:\/\/www.vyrobapeciatok.online\/wp-content\/uploads\/2025\/01\/COLOP-Printer-Oval-44.jpg\",\"contentUrl\":\"https:\/\/www.vyrobapeciatok.online\/wp-content\/uploads\/2025\/01\/COLOP-Printer-Oval-44.jpg\",\"width\":1000,\"height\":1000,\"caption\":\"Ov\u00e1ln\u00e9 raz\u00edtko Colop printer Oval 44\"},{\"@type\":\"BreadcrumbList\",\"@id\":\"https:\/\/www.vyrobapeciatok.online\/cs\/p\/ovalne-razitko-colop-printer-oval-44-44x28-mm\/#breadcrumb\",\"itemListElement\":[{\"@type\":\"ListItem\",\"position\":1,\"name\":\"Home\",\"item\":\"https:\/\/www.vyrobapeciatok.online\/cs\/home\/\"},{\"@type\":\"ListItem\",\"position\":2,\"name\":\"Obchod\",\"item\":\"https:\/\/www.vyrobapeciatok.online\/cs\/shop\/\"},{\"@type\":\"ListItem\",\"position\":3,\"name\":\"Ov\u00e1ln\u00e9 raz\u00edtko Colop Printer Oval 44 (44&#215;28 mm)\"}]},{\"@type\":\"WebSite\",\"@id\":\"https:\/\/www.vyrobapeciatok.online\/cs\/#website\",\"url\":\"https:\/\/www.vyrobapeciatok.online\/cs\/\",\"name\":\"V\u00fdroba Pe\u010diatok Online\",\"description\":\"\",\"publisher\":{\"@id\":\"https:\/\/www.vyrobapeciatok.online\/cs\/#organization\"},\"potentialAction\":[{\"@type\":\"SearchAction\",\"target\":{\"@type\":\"EntryPoint\",\"urlTemplate\":\"https:\/\/www.vyrobapeciatok.online\/cs\/?s={search_term_string}\"},\"query-input\":{\"@type\":\"PropertyValueSpecification\",\"valueRequired\":true,\"valueName\":\"search_term_string\"}}],\"inLanguage\":\"cs\"},{\"@type\":\"Organization\",\"@id\":\"https:\/\/www.vyrobapeciatok.online\/cs\/#organization\",\"name\":\"V\u00fdroba Pe\u010diatok Online\",\"url\":\"https:\/\/www.vyrobapeciatok.online\/cs\/\",\"logo\":{\"@type\":\"ImageObject\",\"inLanguage\":\"cs\",\"@id\":\"https:\/\/www.vyrobapeciatok.online\/cs\/#\/schema\/logo\/image\/\",\"url\":\"https:\/\/www.vyrobapeciatok.online\/wp-content\/uploads\/2024\/10\/vyroba-peciatok-online-logo.png\",\"contentUrl\":\"https:\/\/www.vyrobapeciatok.online\/wp-content\/uploads\/2024\/10\/vyroba-peciatok-online-logo.png\",\"width\":931,\"height\":130,\"caption\":\"V\u00fdroba Pe\u010diatok Online\"},\"image\":{\"@id\":\"https:\/\/www.vyrobapeciatok.online\/cs\/#\/schema\/logo\/image\/\"}}]}<\/script>\n<!-- \/ Yoast SEO plugin. -->","yoast_head_json":{"title":"Ov\u00e1ln\u00e9 raz\u00edtko Colop Printer Oval 44 (44x28 mm) | V\u00fdroba Pe\u010diatok Online","description":"Ov\u00e1ln\u00e9 raz\u00edtko Colop Printer Oval 44 (44x28 mm). Nahrajte vlastn\u00ed logo, firemn\u00ed \u00fadaje a my v\u00e1m expresn\u011b raz\u00edtko vyrob\u00edme.","robots":{"index":"index","follow":"follow","max-snippet":"max-snippet:-1","max-image-preview":"max-image-preview:large","max-video-preview":"max-video-preview:-1"},"canonical":"https:\/\/www.vyrobapeciatok.online\/cs\/p\/ovalne-razitko-colop-printer-oval-44-44x28-mm\/","og_locale":"cs_CZ","og_type":"article","og_title":"Ov\u00e1ln\u00e9 raz\u00edtko Colop Printer Oval 44 (44x28 mm) | V\u00fdroba Pe\u010diatok Online","og_description":"Ov\u00e1ln\u00e9 raz\u00edtko Colop Printer Oval 44 (44x28 mm). Nahrajte vlastn\u00ed logo, firemn\u00ed \u00fadaje a my v\u00e1m expresn\u011b raz\u00edtko vyrob\u00edme.","og_url":"https:\/\/www.vyrobapeciatok.online\/cs\/p\/ovalne-razitko-colop-printer-oval-44-44x28-mm\/","og_site_name":"V\u00fdroba Pe\u010diatok Online","article_modified_time":"2025-06-26T08:29:01+00:00","og_image":[{"width":1000,"height":1000,"url":"https:\/\/www.vyrobapeciatok.online\/wp-content\/uploads\/2025\/01\/COLOP-Printer-Oval-44.jpg","type":"image\/jpeg"}],"twitter_card":"summary_large_image","schema":{"@context":"https:\/\/schema.org","@graph":[{"@type":"WebPage","@id":"https:\/\/www.vyrobapeciatok.online\/cs\/p\/ovalne-razitko-colop-printer-oval-44-44x28-mm\/","url":"https:\/\/www.vyrobapeciatok.online\/cs\/p\/ovalne-razitko-colop-printer-oval-44-44x28-mm\/","name":"Ov\u00e1ln\u00e9 raz\u00edtko Colop Printer Oval 44 (44x28 mm) | V\u00fdroba Pe\u010diatok Online","isPartOf":{"@id":"https:\/\/www.vyrobapeciatok.online\/cs\/#website"},"primaryImageOfPage":{"@id":"https:\/\/www.vyrobapeciatok.online\/cs\/p\/ovalne-razitko-colop-printer-oval-44-44x28-mm\/#primaryimage"},"image":{"@id":"https:\/\/www.vyrobapeciatok.online\/cs\/p\/ovalne-razitko-colop-printer-oval-44-44x28-mm\/#primaryimage"},"thumbnailUrl":"https:\/\/www.vyrobapeciatok.online\/wp-content\/uploads\/2025\/01\/COLOP-Printer-Oval-44.jpg","datePublished":"2025-01-14T16:22:12+00:00","dateModified":"2025-06-26T08:29:01+00:00","description":"Ov\u00e1ln\u00e9 raz\u00edtko Colop Printer Oval 44 (44x28 mm). Nahrajte vlastn\u00ed logo, firemn\u00ed \u00fadaje a my v\u00e1m expresn\u011b raz\u00edtko vyrob\u00edme.","breadcrumb":{"@id":"https:\/\/www.vyrobapeciatok.online\/cs\/p\/ovalne-razitko-colop-printer-oval-44-44x28-mm\/#breadcrumb"},"inLanguage":"cs","potentialAction":[{"@type":"ReadAction","target":["https:\/\/www.vyrobapeciatok.online\/cs\/p\/ovalne-razitko-colop-printer-oval-44-44x28-mm\/"]}]},{"@type":"ImageObject","inLanguage":"cs","@id":"https:\/\/www.vyrobapeciatok.online\/cs\/p\/ovalne-razitko-colop-printer-oval-44-44x28-mm\/#primaryimage","url":"https:\/\/www.vyrobapeciatok.online\/wp-content\/uploads\/2025\/01\/COLOP-Printer-Oval-44.jpg","contentUrl":"https:\/\/www.vyrobapeciatok.online\/wp-content\/uploads\/2025\/01\/COLOP-Printer-Oval-44.jpg","width":1000,"height":1000,"caption":"Ov\u00e1ln\u00e9 raz\u00edtko Colop printer Oval 44"},{"@type":"BreadcrumbList","@id":"https:\/\/www.vyrobapeciatok.online\/cs\/p\/ovalne-razitko-colop-printer-oval-44-44x28-mm\/#breadcrumb","itemListElement":[{"@type":"ListItem","position":1,"name":"Home","item":"https:\/\/www.vyrobapeciatok.online\/cs\/home\/"},{"@type":"ListItem","position":2,"name":"Obchod","item":"https:\/\/www.vyrobapeciatok.online\/cs\/shop\/"},{"@type":"ListItem","position":3,"name":"Ov\u00e1ln\u00e9 raz\u00edtko Colop Printer Oval 44 (44&#215;28 mm)"}]},{"@type":"WebSite","@id":"https:\/\/www.vyrobapeciatok.online\/cs\/#website","url":"https:\/\/www.vyrobapeciatok.online\/cs\/","name":"V\u00fdroba Pe\u010diatok Online","description":"","publisher":{"@id":"https:\/\/www.vyrobapeciatok.online\/cs\/#organization"},"potentialAction":[{"@type":"SearchAction","target":{"@type":"EntryPoint","urlTemplate":"https:\/\/www.vyrobapeciatok.online\/cs\/?s={search_term_string}"},"query-input":{"@type":"PropertyValueSpecification","valueRequired":true,"valueName":"search_term_string"}}],"inLanguage":"cs"},{"@type":"Organization","@id":"https:\/\/www.vyrobapeciatok.online\/cs\/#organization","name":"V\u00fdroba Pe\u010diatok Online","url":"https:\/\/www.vyrobapeciatok.online\/cs\/","logo":{"@type":"ImageObject","inLanguage":"cs","@id":"https:\/\/www.vyrobapeciatok.online\/cs\/#\/schema\/logo\/image\/","url":"https:\/\/www.vyrobapeciatok.online\/wp-content\/uploads\/2024\/10\/vyroba-peciatok-online-logo.png","contentUrl":"https:\/\/www.vyrobapeciatok.online\/wp-content\/uploads\/2024\/10\/vyroba-peciatok-online-logo.png","width":931,"height":130,"caption":"V\u00fdroba Pe\u010diatok Online"},"image":{"@id":"https:\/\/www.vyrobapeciatok.online\/cs\/#\/schema\/logo\/image\/"}}]}},"jetpack_sharing_enabled":true,"_links":{"self":[{"href":"https:\/\/www.vyrobapeciatok.online\/cs\/wp-json\/wp\/v2\/product\/1056","targetHints":{"allow":["GET"]}}],"collection":[{"href":"https:\/\/www.vyrobapeciatok.online\/cs\/wp-json\/wp\/v2\/product"}],"about":[{"href":"https:\/\/www.vyrobapeciatok.online\/cs\/wp-json\/wp\/v2\/types\/product"}],"replies":[{"embeddable":true,"href":"https:\/\/www.vyrobapeciatok.online\/cs\/wp-json\/wp\/v2\/comments?post=1056"}],"wp:featuredmedia":[{"embeddable":true,"href":"https:\/\/www.vyrobapeciatok.online\/cs\/wp-json\/wp\/v2\/media\/990"}],"wp:attachment":[{"href":"https:\/\/www.vyrobapeciatok.online\/cs\/wp-json\/wp\/v2\/media?parent=1056"}],"wp:term":[{"taxonomy":"product_brand","embeddable":true,"href":"https:\/\/www.vyrobapeciatok.online\/cs\/wp-json\/wp\/v2\/product_brand?post=1056"},{"taxonomy":"product_cat","embeddable":true,"href":"https:\/\/www.vyrobapeciatok.online\/cs\/wp-json\/wp\/v2\/product_cat?post=1056"},{"taxonomy":"product_tag","embeddable":true,"href":"https:\/\/www.vyrobapeciatok.online\/cs\/wp-json\/wp\/v2\/product_tag?post=1056"}],"curies":[{"name":"wp","href":"https:\/\/api.w.org\/{rel}","templated":true}]}}