{"id":699,"date":"2024-10-10T08:32:25","date_gmt":"2024-10-10T06:32:25","guid":{"rendered":"https:\/\/www.vyrobapeciatok.online\/p\/klasicke-razitko-traxx-printer-9012-48x18-mm\/"},"modified":"2025-01-17T13:35:59","modified_gmt":"2025-01-17T12:35:59","slug":"klasicke-razitko-traxx-printer-9012-48x18-mm","status":"publish","type":"product","link":"https:\/\/www.vyrobapeciatok.online\/cs\/p\/klasicke-razitko-traxx-printer-9012-48x18-mm\/","title":{"rendered":"Klasick\u00e9 raz\u00edtko TRAXX Printer 9012 (48&#215;18 mm)"},"content":{"rendered":"","protected":false},"excerpt":{"rendered":"<p>Samonam\u00e1\u010dec\u00ed textov\u00e9 raz\u00edtko 48&#215;18 mm. <span style=\"font-size: 16px;\"><span style=\"text-decoration: underline;\"><strong>Maxim\u00e1ln\u011b 3 \u0159\u00e1dky na raz\u00edtku.<\/strong><\/span><\/span><\/p>\n","protected":false},"featured_media":625,"comment_status":"open","ping_status":"closed","template":"","meta":{"_acf_changed":false,"site-sidebar-layout":"default","site-content-layout":"","ast-site-content-layout":"default","site-content-style":"default","site-sidebar-style":"default","ast-global-header-display":"","ast-banner-title-visibility":"","ast-main-header-display":"","ast-hfb-above-header-display":"","ast-hfb-below-header-display":"","ast-hfb-mobile-header-display":"","site-post-title":"","ast-breadcrumbs-content":"","ast-featured-img":"","footer-sml-layout":"","theme-transparent-header-meta":"default","adv-header-id-meta":"","stick-header-meta":"","header-above-stick-meta":"","header-main-stick-meta":"","header-below-stick-meta":"","astra-migrate-meta-layouts":"set","ast-page-background-enabled":"default","ast-page-background-meta":{"desktop":{"background-color":"var(--ast-global-color-4)","background-image":"","background-repeat":"repeat","background-position":"center center","background-size":"auto","background-attachment":"scroll","background-type":"","background-media":"","overlay-type":"","overlay-color":"","overlay-opacity":"","overlay-gradient":""},"tablet":{"background-color":"","background-image":"","background-repeat":"repeat","background-position":"center center","background-size":"auto","background-attachment":"scroll","background-type":"","background-media":"","overlay-type":"","overlay-color":"","overlay-opacity":"","overlay-gradient":""},"mobile":{"background-color":"","background-image":"","background-repeat":"repeat","background-position":"center center","background-size":"auto","background-attachment":"scroll","background-type":"","background-media":"","overlay-type":"","overlay-color":"","overlay-opacity":"","overlay-gradient":""}},"ast-content-background-meta":{"desktop":{"background-color":"var(--ast-global-color-5)","background-image":"","background-repeat":"repeat","background-position":"center center","background-size":"auto","background-attachment":"scroll","background-type":"","background-media":"","overlay-type":"","overlay-color":"","overlay-opacity":"","overlay-gradient":""},"tablet":{"background-color":"var(--ast-global-color-5)","background-image":"","background-repeat":"repeat","background-position":"center center","background-size":"auto","background-attachment":"scroll","background-type":"","background-media":"","overlay-type":"","overlay-color":"","overlay-opacity":"","overlay-gradient":""},"mobile":{"background-color":"var(--ast-global-color-5)","background-image":"","background-repeat":"repeat","background-position":"center center","background-size":"auto","background-attachment":"scroll","background-type":"","background-media":"","overlay-type":"","overlay-color":"","overlay-opacity":"","overlay-gradient":""}}},"product_brand":[],"product_cat":[76,75],"product_tag":[],"class_list":{"0":"post-699","1":"product","2":"type-product","3":"status-publish","4":"has-post-thumbnail","6":"product_cat-klasicka-razitka","7":"product_cat-razitka","8":"desktop-align-left","9":"tablet-align-left","10":"mobile-align-left","12":"first","13":"instock","14":"taxable","15":"shipping-taxable","16":"purchasable","17":"product-type-variable","18":"has-default-attributes"},"acf":[],"yoast_head":"<!-- This site is optimized with the Yoast SEO plugin v25.4 - https:\/\/yoast.com\/wordpress\/plugins\/seo\/ -->\n<title>Klasick\u00e9 raz\u00edtko TRAXX Printer 9012 (48x18 mm) | V\u00fdroba Pe\u010diatok Online<\/title>\n<meta name=\"description\" content=\"Klasick\u00e9 raz\u00edtko TRAXX Printer 9012 (48x18 mm). Nahrajte vlastn\u00ed logo, firemn\u00ed \u00fadaje a my v\u00e1m expresn\u011b raz\u00edtko vyrob\u00edme.\" \/>\n<meta name=\"robots\" content=\"index, follow, max-snippet:-1, max-image-preview:large, max-video-preview:-1\" \/>\n<link rel=\"canonical\" href=\"https:\/\/www.vyrobapeciatok.online\/cs\/p\/klasicke-razitko-traxx-printer-9012-48x18-mm\/\" \/>\n<meta property=\"og:locale\" content=\"cs_CZ\" \/>\n<meta property=\"og:type\" content=\"article\" \/>\n<meta property=\"og:title\" content=\"Klasick\u00e9 raz\u00edtko TRAXX Printer 9012 (48x18 mm) | V\u00fdroba Pe\u010diatok Online\" \/>\n<meta property=\"og:description\" content=\"Klasick\u00e9 raz\u00edtko TRAXX Printer 9012 (48x18 mm). Nahrajte vlastn\u00ed logo, firemn\u00ed \u00fadaje a my v\u00e1m expresn\u011b raz\u00edtko vyrob\u00edme.\" \/>\n<meta property=\"og:url\" content=\"https:\/\/www.vyrobapeciatok.online\/cs\/p\/klasicke-razitko-traxx-printer-9012-48x18-mm\/\" \/>\n<meta property=\"og:site_name\" content=\"V\u00fdroba Pe\u010diatok Online\" \/>\n<meta property=\"article:modified_time\" content=\"2025-01-17T12:35:59+00:00\" \/>\n<meta property=\"og:image\" content=\"https:\/\/www.vyrobapeciatok.online\/wp-content\/uploads\/2024\/10\/9012-BLACK.png\" \/>\n\t<meta property=\"og:image:width\" content=\"700\" \/>\n\t<meta property=\"og:image:height\" content=\"700\" \/>\n\t<meta property=\"og:image:type\" content=\"image\/png\" \/>\n<meta name=\"twitter:card\" content=\"summary_large_image\" \/>\n<meta name=\"twitter:label1\" content=\"Odhadovan\u00e1 doba \u010dten\u00ed\" \/>\n\t<meta name=\"twitter:data1\" content=\"1 minuta\" \/>\n<script type=\"application\/ld+json\" class=\"yoast-schema-graph\">{\"@context\":\"https:\/\/schema.org\",\"@graph\":[{\"@type\":\"WebPage\",\"@id\":\"https:\/\/www.vyrobapeciatok.online\/cs\/p\/klasicke-razitko-traxx-printer-9012-48x18-mm\/\",\"url\":\"https:\/\/www.vyrobapeciatok.online\/cs\/p\/klasicke-razitko-traxx-printer-9012-48x18-mm\/\",\"name\":\"Klasick\u00e9 raz\u00edtko TRAXX Printer 9012 (48x18 mm) | V\u00fdroba Pe\u010diatok Online\",\"isPartOf\":{\"@id\":\"https:\/\/www.vyrobapeciatok.online\/cs\/#website\"},\"primaryImageOfPage\":{\"@id\":\"https:\/\/www.vyrobapeciatok.online\/cs\/p\/klasicke-razitko-traxx-printer-9012-48x18-mm\/#primaryimage\"},\"image\":{\"@id\":\"https:\/\/www.vyrobapeciatok.online\/cs\/p\/klasicke-razitko-traxx-printer-9012-48x18-mm\/#primaryimage\"},\"thumbnailUrl\":\"https:\/\/www.vyrobapeciatok.online\/wp-content\/uploads\/2024\/10\/9012-BLACK.png\",\"datePublished\":\"2024-10-10T06:32:25+00:00\",\"dateModified\":\"2025-01-17T12:35:59+00:00\",\"description\":\"Klasick\u00e9 raz\u00edtko TRAXX Printer 9012 (48x18 mm). Nahrajte vlastn\u00ed logo, firemn\u00ed \u00fadaje a my v\u00e1m expresn\u011b raz\u00edtko vyrob\u00edme.\",\"breadcrumb\":{\"@id\":\"https:\/\/www.vyrobapeciatok.online\/cs\/p\/klasicke-razitko-traxx-printer-9012-48x18-mm\/#breadcrumb\"},\"inLanguage\":\"cs\",\"potentialAction\":[{\"@type\":\"ReadAction\",\"target\":[\"https:\/\/www.vyrobapeciatok.online\/cs\/p\/klasicke-razitko-traxx-printer-9012-48x18-mm\/\"]}]},{\"@type\":\"ImageObject\",\"inLanguage\":\"cs\",\"@id\":\"https:\/\/www.vyrobapeciatok.online\/cs\/p\/klasicke-razitko-traxx-printer-9012-48x18-mm\/#primaryimage\",\"url\":\"https:\/\/www.vyrobapeciatok.online\/wp-content\/uploads\/2024\/10\/9012-BLACK.png\",\"contentUrl\":\"https:\/\/www.vyrobapeciatok.online\/wp-content\/uploads\/2024\/10\/9012-BLACK.png\",\"width\":700,\"height\":700,\"caption\":\"Klasick\u00e9 raz\u00edtko TRAXX Printer 9012 (48x18 mm)\"},{\"@type\":\"BreadcrumbList\",\"@id\":\"https:\/\/www.vyrobapeciatok.online\/cs\/p\/klasicke-razitko-traxx-printer-9012-48x18-mm\/#breadcrumb\",\"itemListElement\":[{\"@type\":\"ListItem\",\"position\":1,\"name\":\"Home\",\"item\":\"https:\/\/www.vyrobapeciatok.online\/cs\/home\/\"},{\"@type\":\"ListItem\",\"position\":2,\"name\":\"Obchod\",\"item\":\"https:\/\/www.vyrobapeciatok.online\/cs\/shop\/\"},{\"@type\":\"ListItem\",\"position\":3,\"name\":\"Klasick\u00e9 raz\u00edtko TRAXX Printer 9012 (48&#215;18 mm)\"}]},{\"@type\":\"WebSite\",\"@id\":\"https:\/\/www.vyrobapeciatok.online\/cs\/#website\",\"url\":\"https:\/\/www.vyrobapeciatok.online\/cs\/\",\"name\":\"V\u00fdroba Pe\u010diatok Online\",\"description\":\"\",\"publisher\":{\"@id\":\"https:\/\/www.vyrobapeciatok.online\/cs\/#organization\"},\"potentialAction\":[{\"@type\":\"SearchAction\",\"target\":{\"@type\":\"EntryPoint\",\"urlTemplate\":\"https:\/\/www.vyrobapeciatok.online\/cs\/?s={search_term_string}\"},\"query-input\":{\"@type\":\"PropertyValueSpecification\",\"valueRequired\":true,\"valueName\":\"search_term_string\"}}],\"inLanguage\":\"cs\"},{\"@type\":\"Organization\",\"@id\":\"https:\/\/www.vyrobapeciatok.online\/cs\/#organization\",\"name\":\"V\u00fdroba Pe\u010diatok Online\",\"url\":\"https:\/\/www.vyrobapeciatok.online\/cs\/\",\"logo\":{\"@type\":\"ImageObject\",\"inLanguage\":\"cs\",\"@id\":\"https:\/\/www.vyrobapeciatok.online\/cs\/#\/schema\/logo\/image\/\",\"url\":\"https:\/\/www.vyrobapeciatok.online\/wp-content\/uploads\/2024\/10\/vyroba-peciatok-online-logo.png\",\"contentUrl\":\"https:\/\/www.vyrobapeciatok.online\/wp-content\/uploads\/2024\/10\/vyroba-peciatok-online-logo.png\",\"width\":931,\"height\":130,\"caption\":\"V\u00fdroba Pe\u010diatok Online\"},\"image\":{\"@id\":\"https:\/\/www.vyrobapeciatok.online\/cs\/#\/schema\/logo\/image\/\"}}]}<\/script>\n<!-- \/ Yoast SEO plugin. -->","yoast_head_json":{"title":"Klasick\u00e9 raz\u00edtko TRAXX Printer 9012 (48x18 mm) | V\u00fdroba Pe\u010diatok Online","description":"Klasick\u00e9 raz\u00edtko TRAXX Printer 9012 (48x18 mm). Nahrajte vlastn\u00ed logo, firemn\u00ed \u00fadaje a my v\u00e1m expresn\u011b raz\u00edtko vyrob\u00edme.","robots":{"index":"index","follow":"follow","max-snippet":"max-snippet:-1","max-image-preview":"max-image-preview:large","max-video-preview":"max-video-preview:-1"},"canonical":"https:\/\/www.vyrobapeciatok.online\/cs\/p\/klasicke-razitko-traxx-printer-9012-48x18-mm\/","og_locale":"cs_CZ","og_type":"article","og_title":"Klasick\u00e9 raz\u00edtko TRAXX Printer 9012 (48x18 mm) | V\u00fdroba Pe\u010diatok Online","og_description":"Klasick\u00e9 raz\u00edtko TRAXX Printer 9012 (48x18 mm). Nahrajte vlastn\u00ed logo, firemn\u00ed \u00fadaje a my v\u00e1m expresn\u011b raz\u00edtko vyrob\u00edme.","og_url":"https:\/\/www.vyrobapeciatok.online\/cs\/p\/klasicke-razitko-traxx-printer-9012-48x18-mm\/","og_site_name":"V\u00fdroba Pe\u010diatok Online","article_modified_time":"2025-01-17T12:35:59+00:00","og_image":[{"width":700,"height":700,"url":"https:\/\/www.vyrobapeciatok.online\/wp-content\/uploads\/2024\/10\/9012-BLACK.png","type":"image\/png"}],"twitter_card":"summary_large_image","twitter_misc":{"Odhadovan\u00e1 doba \u010dten\u00ed":"1 minuta"},"schema":{"@context":"https:\/\/schema.org","@graph":[{"@type":"WebPage","@id":"https:\/\/www.vyrobapeciatok.online\/cs\/p\/klasicke-razitko-traxx-printer-9012-48x18-mm\/","url":"https:\/\/www.vyrobapeciatok.online\/cs\/p\/klasicke-razitko-traxx-printer-9012-48x18-mm\/","name":"Klasick\u00e9 raz\u00edtko TRAXX Printer 9012 (48x18 mm) | V\u00fdroba Pe\u010diatok Online","isPartOf":{"@id":"https:\/\/www.vyrobapeciatok.online\/cs\/#website"},"primaryImageOfPage":{"@id":"https:\/\/www.vyrobapeciatok.online\/cs\/p\/klasicke-razitko-traxx-printer-9012-48x18-mm\/#primaryimage"},"image":{"@id":"https:\/\/www.vyrobapeciatok.online\/cs\/p\/klasicke-razitko-traxx-printer-9012-48x18-mm\/#primaryimage"},"thumbnailUrl":"https:\/\/www.vyrobapeciatok.online\/wp-content\/uploads\/2024\/10\/9012-BLACK.png","datePublished":"2024-10-10T06:32:25+00:00","dateModified":"2025-01-17T12:35:59+00:00","description":"Klasick\u00e9 raz\u00edtko TRAXX Printer 9012 (48x18 mm). Nahrajte vlastn\u00ed logo, firemn\u00ed \u00fadaje a my v\u00e1m expresn\u011b raz\u00edtko vyrob\u00edme.","breadcrumb":{"@id":"https:\/\/www.vyrobapeciatok.online\/cs\/p\/klasicke-razitko-traxx-printer-9012-48x18-mm\/#breadcrumb"},"inLanguage":"cs","potentialAction":[{"@type":"ReadAction","target":["https:\/\/www.vyrobapeciatok.online\/cs\/p\/klasicke-razitko-traxx-printer-9012-48x18-mm\/"]}]},{"@type":"ImageObject","inLanguage":"cs","@id":"https:\/\/www.vyrobapeciatok.online\/cs\/p\/klasicke-razitko-traxx-printer-9012-48x18-mm\/#primaryimage","url":"https:\/\/www.vyrobapeciatok.online\/wp-content\/uploads\/2024\/10\/9012-BLACK.png","contentUrl":"https:\/\/www.vyrobapeciatok.online\/wp-content\/uploads\/2024\/10\/9012-BLACK.png","width":700,"height":700,"caption":"Klasick\u00e9 raz\u00edtko TRAXX Printer 9012 (48x18 mm)"},{"@type":"BreadcrumbList","@id":"https:\/\/www.vyrobapeciatok.online\/cs\/p\/klasicke-razitko-traxx-printer-9012-48x18-mm\/#breadcrumb","itemListElement":[{"@type":"ListItem","position":1,"name":"Home","item":"https:\/\/www.vyrobapeciatok.online\/cs\/home\/"},{"@type":"ListItem","position":2,"name":"Obchod","item":"https:\/\/www.vyrobapeciatok.online\/cs\/shop\/"},{"@type":"ListItem","position":3,"name":"Klasick\u00e9 raz\u00edtko TRAXX Printer 9012 (48&#215;18 mm)"}]},{"@type":"WebSite","@id":"https:\/\/www.vyrobapeciatok.online\/cs\/#website","url":"https:\/\/www.vyrobapeciatok.online\/cs\/","name":"V\u00fdroba Pe\u010diatok Online","description":"","publisher":{"@id":"https:\/\/www.vyrobapeciatok.online\/cs\/#organization"},"potentialAction":[{"@type":"SearchAction","target":{"@type":"EntryPoint","urlTemplate":"https:\/\/www.vyrobapeciatok.online\/cs\/?s={search_term_string}"},"query-input":{"@type":"PropertyValueSpecification","valueRequired":true,"valueName":"search_term_string"}}],"inLanguage":"cs"},{"@type":"Organization","@id":"https:\/\/www.vyrobapeciatok.online\/cs\/#organization","name":"V\u00fdroba Pe\u010diatok Online","url":"https:\/\/www.vyrobapeciatok.online\/cs\/","logo":{"@type":"ImageObject","inLanguage":"cs","@id":"https:\/\/www.vyrobapeciatok.online\/cs\/#\/schema\/logo\/image\/","url":"https:\/\/www.vyrobapeciatok.online\/wp-content\/uploads\/2024\/10\/vyroba-peciatok-online-logo.png","contentUrl":"https:\/\/www.vyrobapeciatok.online\/wp-content\/uploads\/2024\/10\/vyroba-peciatok-online-logo.png","width":931,"height":130,"caption":"V\u00fdroba Pe\u010diatok Online"},"image":{"@id":"https:\/\/www.vyrobapeciatok.online\/cs\/#\/schema\/logo\/image\/"}}]}},"jetpack_sharing_enabled":true,"_links":{"self":[{"href":"https:\/\/www.vyrobapeciatok.online\/cs\/wp-json\/wp\/v2\/product\/699","targetHints":{"allow":["GET"]}}],"collection":[{"href":"https:\/\/www.vyrobapeciatok.online\/cs\/wp-json\/wp\/v2\/product"}],"about":[{"href":"https:\/\/www.vyrobapeciatok.online\/cs\/wp-json\/wp\/v2\/types\/product"}],"replies":[{"embeddable":true,"href":"https:\/\/www.vyrobapeciatok.online\/cs\/wp-json\/wp\/v2\/comments?post=699"}],"wp:featuredmedia":[{"embeddable":true,"href":"https:\/\/www.vyrobapeciatok.online\/cs\/wp-json\/wp\/v2\/media\/625"}],"wp:attachment":[{"href":"https:\/\/www.vyrobapeciatok.online\/cs\/wp-json\/wp\/v2\/media?parent=699"}],"wp:term":[{"taxonomy":"product_brand","embeddable":true,"href":"https:\/\/www.vyrobapeciatok.online\/cs\/wp-json\/wp\/v2\/product_brand?post=699"},{"taxonomy":"product_cat","embeddable":true,"href":"https:\/\/www.vyrobapeciatok.online\/cs\/wp-json\/wp\/v2\/product_cat?post=699"},{"taxonomy":"product_tag","embeddable":true,"href":"https:\/\/www.vyrobapeciatok.online\/cs\/wp-json\/wp\/v2\/product_tag?post=699"}],"curies":[{"name":"wp","href":"https:\/\/api.w.org\/{rel}","templated":true}]}}