{"id":730,"date":"2024-11-19T17:19:10","date_gmt":"2024-11-19T16:19:10","guid":{"rendered":"https:\/\/www.vyrobapeciatok.online\/p\/drevene-razitko-50-mm\/"},"modified":"2024-12-19T09:13:43","modified_gmt":"2024-12-19T08:13:43","slug":"drevene-razitko-50-mm","status":"publish","type":"product","link":"https:\/\/www.vyrobapeciatok.online\/cs\/p\/drevene-razitko-50-mm\/","title":{"rendered":"D\u0159ev\u011bn\u00e9 raz\u00edtko (50 mm)"},"content":{"rendered":"","protected":false},"excerpt":{"rendered":"<p>D\u0159ev\u011bn\u00e9 raz\u00edtko vhodn\u00e9 pro r\u016fzn\u00e9 \u017eivotn\u00ed ud\u00e1losti, jako jsou svatby, oslavy a dal\u0161\u00ed 50 mm.<\/p>\n","protected":false},"featured_media":671,"comment_status":"open","ping_status":"closed","template":"","meta":{"_acf_changed":false,"site-sidebar-layout":"default","site-content-layout":"","ast-site-content-layout":"default","site-content-style":"default","site-sidebar-style":"default","ast-global-header-display":"","ast-banner-title-visibility":"","ast-main-header-display":"","ast-hfb-above-header-display":"","ast-hfb-below-header-display":"","ast-hfb-mobile-header-display":"","site-post-title":"","ast-breadcrumbs-content":"","ast-featured-img":"","footer-sml-layout":"","theme-transparent-header-meta":"default","adv-header-id-meta":"","stick-header-meta":"","header-above-stick-meta":"","header-main-stick-meta":"","header-below-stick-meta":"","astra-migrate-meta-layouts":"set","ast-page-background-enabled":"default","ast-page-background-meta":{"desktop":{"background-color":"var(--ast-global-color-4)","background-image":"","background-repeat":"repeat","background-position":"center center","background-size":"auto","background-attachment":"scroll","background-type":"","background-media":"","overlay-type":"","overlay-color":"","overlay-opacity":"","overlay-gradient":""},"tablet":{"background-color":"","background-image":"","background-repeat":"repeat","background-position":"center center","background-size":"auto","background-attachment":"scroll","background-type":"","background-media":"","overlay-type":"","overlay-color":"","overlay-opacity":"","overlay-gradient":""},"mobile":{"background-color":"","background-image":"","background-repeat":"repeat","background-position":"center center","background-size":"auto","background-attachment":"scroll","background-type":"","background-media":"","overlay-type":"","overlay-color":"","overlay-opacity":"","overlay-gradient":""}},"ast-content-background-meta":{"desktop":{"background-color":"var(--ast-global-color-5)","background-image":"","background-repeat":"repeat","background-position":"center center","background-size":"auto","background-attachment":"scroll","background-type":"","background-media":"","overlay-type":"","overlay-color":"","overlay-opacity":"","overlay-gradient":""},"tablet":{"background-color":"var(--ast-global-color-5)","background-image":"","background-repeat":"repeat","background-position":"center center","background-size":"auto","background-attachment":"scroll","background-type":"","background-media":"","overlay-type":"","overlay-color":"","overlay-opacity":"","overlay-gradient":""},"mobile":{"background-color":"var(--ast-global-color-5)","background-image":"","background-repeat":"repeat","background-position":"center center","background-size":"auto","background-attachment":"scroll","background-type":"","background-media":"","overlay-type":"","overlay-color":"","overlay-opacity":"","overlay-gradient":""}}},"product_brand":[],"product_cat":[98,75],"product_tag":[],"class_list":{"0":"post-730","1":"product","2":"type-product","3":"status-publish","4":"has-post-thumbnail","6":"product_cat-drevena-razitka","7":"product_cat-razitka","8":"desktop-align-left","9":"tablet-align-left","10":"mobile-align-left","12":"first","13":"outofstock","14":"taxable","15":"shipping-taxable","16":"purchasable","17":"product-type-variable","18":"has-default-attributes"},"acf":[],"yoast_head":"<!-- This site is optimized with the Yoast SEO plugin v25.4 - https:\/\/yoast.com\/wordpress\/plugins\/seo\/ -->\n<title>D\u0159ev\u011bn\u00e9 raz\u00edtko (50 mm) | V\u00fdroba Pe\u010diatok Online<\/title>\n<meta name=\"description\" content=\"D\u0159ev\u011bn\u00e9 raz\u00edtko (50 mm). Nahrajte vlastn\u00ed logo, firemn\u00ed \u00fadaje a my v\u00e1m expresn\u011b raz\u00edtko vyrob\u00edme.\" \/>\n<meta name=\"robots\" content=\"index, follow, max-snippet:-1, max-image-preview:large, max-video-preview:-1\" \/>\n<link rel=\"canonical\" href=\"https:\/\/www.vyrobapeciatok.online\/cs\/p\/drevene-razitko-50-mm\/\" \/>\n<meta property=\"og:locale\" content=\"cs_CZ\" \/>\n<meta property=\"og:type\" content=\"article\" \/>\n<meta property=\"og:title\" content=\"D\u0159ev\u011bn\u00e9 raz\u00edtko (50 mm) | V\u00fdroba Pe\u010diatok Online\" \/>\n<meta property=\"og:description\" content=\"D\u0159ev\u011bn\u00e9 raz\u00edtko (50 mm). Nahrajte vlastn\u00ed logo, firemn\u00ed \u00fadaje a my v\u00e1m expresn\u011b raz\u00edtko vyrob\u00edme.\" \/>\n<meta property=\"og:url\" content=\"https:\/\/www.vyrobapeciatok.online\/cs\/p\/drevene-razitko-50-mm\/\" \/>\n<meta property=\"og:site_name\" content=\"V\u00fdroba Pe\u010diatok Online\" \/>\n<meta property=\"article:modified_time\" content=\"2024-12-19T08:13:43+00:00\" \/>\n<meta property=\"og:image\" content=\"https:\/\/www.vyrobapeciatok.online\/wp-content\/uploads\/2024\/11\/drevena-peciatka-traxx-printer-50mm.jpg\" \/>\n\t<meta property=\"og:image:width\" content=\"500\" \/>\n\t<meta property=\"og:image:height\" content=\"500\" \/>\n\t<meta property=\"og:image:type\" content=\"image\/jpeg\" \/>\n<meta name=\"twitter:card\" content=\"summary_large_image\" \/>\n<meta name=\"twitter:label1\" content=\"Odhadovan\u00e1 doba \u010dten\u00ed\" \/>\n\t<meta name=\"twitter:data1\" content=\"1 minuta\" \/>\n<script type=\"application\/ld+json\" class=\"yoast-schema-graph\">{\"@context\":\"https:\/\/schema.org\",\"@graph\":[{\"@type\":\"WebPage\",\"@id\":\"https:\/\/www.vyrobapeciatok.online\/cs\/p\/drevene-razitko-50-mm\/\",\"url\":\"https:\/\/www.vyrobapeciatok.online\/cs\/p\/drevene-razitko-50-mm\/\",\"name\":\"D\u0159ev\u011bn\u00e9 raz\u00edtko (50 mm) | V\u00fdroba Pe\u010diatok Online\",\"isPartOf\":{\"@id\":\"https:\/\/www.vyrobapeciatok.online\/cs\/#website\"},\"primaryImageOfPage\":{\"@id\":\"https:\/\/www.vyrobapeciatok.online\/cs\/p\/drevene-razitko-50-mm\/#primaryimage\"},\"image\":{\"@id\":\"https:\/\/www.vyrobapeciatok.online\/cs\/p\/drevene-razitko-50-mm\/#primaryimage\"},\"thumbnailUrl\":\"https:\/\/www.vyrobapeciatok.online\/wp-content\/uploads\/2024\/11\/drevena-peciatka-traxx-printer-50mm.jpg\",\"datePublished\":\"2024-11-19T16:19:10+00:00\",\"dateModified\":\"2024-12-19T08:13:43+00:00\",\"description\":\"D\u0159ev\u011bn\u00e9 raz\u00edtko (50 mm). Nahrajte vlastn\u00ed logo, firemn\u00ed \u00fadaje a my v\u00e1m expresn\u011b raz\u00edtko vyrob\u00edme.\",\"breadcrumb\":{\"@id\":\"https:\/\/www.vyrobapeciatok.online\/cs\/p\/drevene-razitko-50-mm\/#breadcrumb\"},\"inLanguage\":\"cs\",\"potentialAction\":[{\"@type\":\"ReadAction\",\"target\":[\"https:\/\/www.vyrobapeciatok.online\/cs\/p\/drevene-razitko-50-mm\/\"]}]},{\"@type\":\"ImageObject\",\"inLanguage\":\"cs\",\"@id\":\"https:\/\/www.vyrobapeciatok.online\/cs\/p\/drevene-razitko-50-mm\/#primaryimage\",\"url\":\"https:\/\/www.vyrobapeciatok.online\/wp-content\/uploads\/2024\/11\/drevena-peciatka-traxx-printer-50mm.jpg\",\"contentUrl\":\"https:\/\/www.vyrobapeciatok.online\/wp-content\/uploads\/2024\/11\/drevena-peciatka-traxx-printer-50mm.jpg\",\"width\":500,\"height\":500,\"caption\":\"drevene-razitko-traxx-printer-50mm\"},{\"@type\":\"BreadcrumbList\",\"@id\":\"https:\/\/www.vyrobapeciatok.online\/cs\/p\/drevene-razitko-50-mm\/#breadcrumb\",\"itemListElement\":[{\"@type\":\"ListItem\",\"position\":1,\"name\":\"Home\",\"item\":\"https:\/\/www.vyrobapeciatok.online\/cs\/home\/\"},{\"@type\":\"ListItem\",\"position\":2,\"name\":\"Obchod\",\"item\":\"https:\/\/www.vyrobapeciatok.online\/cs\/shop\/\"},{\"@type\":\"ListItem\",\"position\":3,\"name\":\"D\u0159ev\u011bn\u00e9 raz\u00edtko (50 mm)\"}]},{\"@type\":\"WebSite\",\"@id\":\"https:\/\/www.vyrobapeciatok.online\/cs\/#website\",\"url\":\"https:\/\/www.vyrobapeciatok.online\/cs\/\",\"name\":\"V\u00fdroba Pe\u010diatok Online\",\"description\":\"\",\"publisher\":{\"@id\":\"https:\/\/www.vyrobapeciatok.online\/cs\/#organization\"},\"potentialAction\":[{\"@type\":\"SearchAction\",\"target\":{\"@type\":\"EntryPoint\",\"urlTemplate\":\"https:\/\/www.vyrobapeciatok.online\/cs\/?s={search_term_string}\"},\"query-input\":{\"@type\":\"PropertyValueSpecification\",\"valueRequired\":true,\"valueName\":\"search_term_string\"}}],\"inLanguage\":\"cs\"},{\"@type\":\"Organization\",\"@id\":\"https:\/\/www.vyrobapeciatok.online\/cs\/#organization\",\"name\":\"V\u00fdroba Pe\u010diatok Online\",\"url\":\"https:\/\/www.vyrobapeciatok.online\/cs\/\",\"logo\":{\"@type\":\"ImageObject\",\"inLanguage\":\"cs\",\"@id\":\"https:\/\/www.vyrobapeciatok.online\/cs\/#\/schema\/logo\/image\/\",\"url\":\"https:\/\/www.vyrobapeciatok.online\/wp-content\/uploads\/2024\/10\/vyroba-peciatok-online-logo.png\",\"contentUrl\":\"https:\/\/www.vyrobapeciatok.online\/wp-content\/uploads\/2024\/10\/vyroba-peciatok-online-logo.png\",\"width\":931,\"height\":130,\"caption\":\"V\u00fdroba Pe\u010diatok Online\"},\"image\":{\"@id\":\"https:\/\/www.vyrobapeciatok.online\/cs\/#\/schema\/logo\/image\/\"}}]}<\/script>\n<!-- \/ Yoast SEO plugin. -->","yoast_head_json":{"title":"D\u0159ev\u011bn\u00e9 raz\u00edtko (50 mm) | V\u00fdroba Pe\u010diatok Online","description":"D\u0159ev\u011bn\u00e9 raz\u00edtko (50 mm). Nahrajte vlastn\u00ed logo, firemn\u00ed \u00fadaje a my v\u00e1m expresn\u011b raz\u00edtko vyrob\u00edme.","robots":{"index":"index","follow":"follow","max-snippet":"max-snippet:-1","max-image-preview":"max-image-preview:large","max-video-preview":"max-video-preview:-1"},"canonical":"https:\/\/www.vyrobapeciatok.online\/cs\/p\/drevene-razitko-50-mm\/","og_locale":"cs_CZ","og_type":"article","og_title":"D\u0159ev\u011bn\u00e9 raz\u00edtko (50 mm) | V\u00fdroba Pe\u010diatok Online","og_description":"D\u0159ev\u011bn\u00e9 raz\u00edtko (50 mm). Nahrajte vlastn\u00ed logo, firemn\u00ed \u00fadaje a my v\u00e1m expresn\u011b raz\u00edtko vyrob\u00edme.","og_url":"https:\/\/www.vyrobapeciatok.online\/cs\/p\/drevene-razitko-50-mm\/","og_site_name":"V\u00fdroba Pe\u010diatok Online","article_modified_time":"2024-12-19T08:13:43+00:00","og_image":[{"width":500,"height":500,"url":"https:\/\/www.vyrobapeciatok.online\/wp-content\/uploads\/2024\/11\/drevena-peciatka-traxx-printer-50mm.jpg","type":"image\/jpeg"}],"twitter_card":"summary_large_image","twitter_misc":{"Odhadovan\u00e1 doba \u010dten\u00ed":"1 minuta"},"schema":{"@context":"https:\/\/schema.org","@graph":[{"@type":"WebPage","@id":"https:\/\/www.vyrobapeciatok.online\/cs\/p\/drevene-razitko-50-mm\/","url":"https:\/\/www.vyrobapeciatok.online\/cs\/p\/drevene-razitko-50-mm\/","name":"D\u0159ev\u011bn\u00e9 raz\u00edtko (50 mm) | V\u00fdroba Pe\u010diatok Online","isPartOf":{"@id":"https:\/\/www.vyrobapeciatok.online\/cs\/#website"},"primaryImageOfPage":{"@id":"https:\/\/www.vyrobapeciatok.online\/cs\/p\/drevene-razitko-50-mm\/#primaryimage"},"image":{"@id":"https:\/\/www.vyrobapeciatok.online\/cs\/p\/drevene-razitko-50-mm\/#primaryimage"},"thumbnailUrl":"https:\/\/www.vyrobapeciatok.online\/wp-content\/uploads\/2024\/11\/drevena-peciatka-traxx-printer-50mm.jpg","datePublished":"2024-11-19T16:19:10+00:00","dateModified":"2024-12-19T08:13:43+00:00","description":"D\u0159ev\u011bn\u00e9 raz\u00edtko (50 mm). Nahrajte vlastn\u00ed logo, firemn\u00ed \u00fadaje a my v\u00e1m expresn\u011b raz\u00edtko vyrob\u00edme.","breadcrumb":{"@id":"https:\/\/www.vyrobapeciatok.online\/cs\/p\/drevene-razitko-50-mm\/#breadcrumb"},"inLanguage":"cs","potentialAction":[{"@type":"ReadAction","target":["https:\/\/www.vyrobapeciatok.online\/cs\/p\/drevene-razitko-50-mm\/"]}]},{"@type":"ImageObject","inLanguage":"cs","@id":"https:\/\/www.vyrobapeciatok.online\/cs\/p\/drevene-razitko-50-mm\/#primaryimage","url":"https:\/\/www.vyrobapeciatok.online\/wp-content\/uploads\/2024\/11\/drevena-peciatka-traxx-printer-50mm.jpg","contentUrl":"https:\/\/www.vyrobapeciatok.online\/wp-content\/uploads\/2024\/11\/drevena-peciatka-traxx-printer-50mm.jpg","width":500,"height":500,"caption":"drevene-razitko-traxx-printer-50mm"},{"@type":"BreadcrumbList","@id":"https:\/\/www.vyrobapeciatok.online\/cs\/p\/drevene-razitko-50-mm\/#breadcrumb","itemListElement":[{"@type":"ListItem","position":1,"name":"Home","item":"https:\/\/www.vyrobapeciatok.online\/cs\/home\/"},{"@type":"ListItem","position":2,"name":"Obchod","item":"https:\/\/www.vyrobapeciatok.online\/cs\/shop\/"},{"@type":"ListItem","position":3,"name":"D\u0159ev\u011bn\u00e9 raz\u00edtko (50 mm)"}]},{"@type":"WebSite","@id":"https:\/\/www.vyrobapeciatok.online\/cs\/#website","url":"https:\/\/www.vyrobapeciatok.online\/cs\/","name":"V\u00fdroba Pe\u010diatok Online","description":"","publisher":{"@id":"https:\/\/www.vyrobapeciatok.online\/cs\/#organization"},"potentialAction":[{"@type":"SearchAction","target":{"@type":"EntryPoint","urlTemplate":"https:\/\/www.vyrobapeciatok.online\/cs\/?s={search_term_string}"},"query-input":{"@type":"PropertyValueSpecification","valueRequired":true,"valueName":"search_term_string"}}],"inLanguage":"cs"},{"@type":"Organization","@id":"https:\/\/www.vyrobapeciatok.online\/cs\/#organization","name":"V\u00fdroba Pe\u010diatok Online","url":"https:\/\/www.vyrobapeciatok.online\/cs\/","logo":{"@type":"ImageObject","inLanguage":"cs","@id":"https:\/\/www.vyrobapeciatok.online\/cs\/#\/schema\/logo\/image\/","url":"https:\/\/www.vyrobapeciatok.online\/wp-content\/uploads\/2024\/10\/vyroba-peciatok-online-logo.png","contentUrl":"https:\/\/www.vyrobapeciatok.online\/wp-content\/uploads\/2024\/10\/vyroba-peciatok-online-logo.png","width":931,"height":130,"caption":"V\u00fdroba Pe\u010diatok Online"},"image":{"@id":"https:\/\/www.vyrobapeciatok.online\/cs\/#\/schema\/logo\/image\/"}}]}},"jetpack_sharing_enabled":true,"_links":{"self":[{"href":"https:\/\/www.vyrobapeciatok.online\/cs\/wp-json\/wp\/v2\/product\/730","targetHints":{"allow":["GET"]}}],"collection":[{"href":"https:\/\/www.vyrobapeciatok.online\/cs\/wp-json\/wp\/v2\/product"}],"about":[{"href":"https:\/\/www.vyrobapeciatok.online\/cs\/wp-json\/wp\/v2\/types\/product"}],"replies":[{"embeddable":true,"href":"https:\/\/www.vyrobapeciatok.online\/cs\/wp-json\/wp\/v2\/comments?post=730"}],"wp:featuredmedia":[{"embeddable":true,"href":"https:\/\/www.vyrobapeciatok.online\/cs\/wp-json\/wp\/v2\/media\/671"}],"wp:attachment":[{"href":"https:\/\/www.vyrobapeciatok.online\/cs\/wp-json\/wp\/v2\/media?parent=730"}],"wp:term":[{"taxonomy":"product_brand","embeddable":true,"href":"https:\/\/www.vyrobapeciatok.online\/cs\/wp-json\/wp\/v2\/product_brand?post=730"},{"taxonomy":"product_cat","embeddable":true,"href":"https:\/\/www.vyrobapeciatok.online\/cs\/wp-json\/wp\/v2\/product_cat?post=730"},{"taxonomy":"product_tag","embeddable":true,"href":"https:\/\/www.vyrobapeciatok.online\/cs\/wp-json\/wp\/v2\/product_tag?post=730"}],"curies":[{"name":"wp","href":"https:\/\/api.w.org\/{rel}","templated":true}]}}